{"id":3522,"date":"2020-09-02T20:20:20","date_gmt":"2020-09-02T20:20:20","guid":{"rendered":"http:\/\/dance.ucr.edu\/?page_id=3522"},"modified":"2025-07-31T09:35:09","modified_gmt":"2025-07-31T16:35:09","slug":"visiting-faculty","status":"publish","type":"page","link":"https:\/\/dance.ucr.edu\/visiting-faculty\/","title":{"rendered":"Visiting Faculty"},"content":{"rendered":"[vc_row header_feature=&#8221;yes&#8221; margin_bottom=&#8221;0&#8243; padding_top=&#8221;80&#8243;][vc_column]<h3 class=\"eut-element eut-align-center eut-title-line\" style=\"\"><span>VISITING FACULTY<\/span><\/h3>[vc_empty_space height=&#8221;40px&#8221;][\/vc_column][\/vc_row][vc_row header_feature=&#8221;yes&#8221; margin_bottom=&#8221;0&#8243; padding_top=&#8221;80&#8243; padding_bottom=&#8221;80&#8243;][vc_column][vc_row_inner][vc_column_inner width=&#8221;1\/4&#8243;]<div class=\"eut-element eut-box eut-align-left\" style=\"\"><div class=\"eut-media\"><img loading=\"lazy\" decoding=\"async\" width=\"600\" height=\"600\" src=\"https:\/\/dance.ucr.edu\/wp-content\/uploads\/2022\/03\/Patty-Huerta-600x600-300dpi.jpg\" class=\"attachment-full size-full\" alt=\"\" srcset=\"https:\/\/dance.ucr.edu\/wp-content\/uploads\/2022\/03\/Patty-Huerta-600x600-300dpi.jpg 600w, https:\/\/dance.ucr.edu\/wp-content\/uploads\/2022\/03\/Patty-Huerta-600x600-300dpi-300x300.jpg 300w, https:\/\/dance.ucr.edu\/wp-content\/uploads\/2022\/03\/Patty-Huerta-600x600-300dpi-150x150.jpg 150w\" sizes=\"auto, (max-width: 600px) 100vw, 600px\" \/><\/div>  <div class=\"eut-box-content\">    <p><\/p>  <\/div><\/div>[\/vc_column_inner][vc_column_inner width=&#8221;3\/4&#8243;][vc_column_text]<span style=\"font-weight: 400;\"><strong>Patricia &#8220;Patty&#8221; Huerta (Spring 2024-Winter 2025)<\/strong>\r\nVisiting Assistant Professor<\/span>\r\n\r\nPatricia \u201cPatty\u201d Huerta, a first generation artist, cultural dance maker, and educator from Los Angeles, California amplifying and uplifting Latinx experiences and Afro-Latin Social Dance forms through community driven dance making.\r\n<p class=\"p1\">She received her B.A and M.F.A in Dance and Experimental Choreography from the University of California, Riverside, where she earned The Gluck Fellowship of the Arts, M.F.A. Graduate Fellowship, and UC MEXUS Grant. She has collaborated and presented work at RedCat CalArts Theater, The FORD,\u00a0<i>Our L.A Voices\u00a0<\/i>Grand Park Los Angeles, Oxy Arts, FLACC Festival, Mission Dance Theater, BAM Museum, Highways Performance Space, Human Resources L.A, BlakTinx Dance Festival in Arizona and L.A, and M\u00e9xico City.<\/p>\r\n[\/vc_column_text][\/vc_column_inner][\/vc_row_inner][vc_empty_space][vc_column_text animation=&#8221;fadeInUp&#8221;]Patty is a founding member of Primera Generaci\u00f3n Dance Collective (@primerageneraciondance), and a board member of Show Box L.A (@showboxla) in Los Angeles.[\/vc_column_text][vc_column_text animation=&#8221;fadeInUp&#8221;][\/vc_column_text][\/vc_column][\/vc_row][vc_row header_feature=&#8221;yes&#8221; margin_bottom=&#8221;0&#8243; padding_top=&#8221;80&#8243; padding_bottom=&#8221;80&#8243;][vc_column][vc_row_inner][vc_column_inner width=&#8221;1\/4&#8243;]<div class=\"eut-element eut-box eut-align-left\" style=\"\"><div class=\"eut-media\"><img loading=\"lazy\" decoding=\"async\" width=\"600\" height=\"600\" src=\"https:\/\/dance.ucr.edu\/wp-content\/uploads\/2021\/03\/Andre-Zachary-600x600-300dpi.jpg\" class=\"attachment-full size-full\" alt=\"\" srcset=\"https:\/\/dance.ucr.edu\/wp-content\/uploads\/2021\/03\/Andre-Zachary-600x600-300dpi.jpg 600w, https:\/\/dance.ucr.edu\/wp-content\/uploads\/2021\/03\/Andre-Zachary-600x600-300dpi-300x300.jpg 300w, https:\/\/dance.ucr.edu\/wp-content\/uploads\/2021\/03\/Andre-Zachary-600x600-300dpi-150x150.jpg 150w\" sizes=\"auto, (max-width: 600px) 100vw, 600px\" \/><\/div>  <div class=\"eut-box-content\">    <p><\/p>  <\/div><\/div>[\/vc_column_inner][vc_column_inner width=&#8221;3\/4&#8243;][vc_column_text]<span style=\"font-weight: 400;\"><strong>Andr\u00e9 M. Zachery (Spring &amp; Fall 2021, Winter 2022)<\/strong>\r\nVisiting Assistant Professor<\/span>\r\n\r\n<span style=\"font-weight: 400;\">Andr\u00e9 M. Zachery is a Brooklyn-based interdisciplinary artist of Haitian and African American descent, and is a scholar, researcher and technologist with a BFA from Ailey\/Fordham University and MFA in Performance &amp; Interactive Media Arts from CUNY\/Brooklyn College. As the artistic director of Renegade Performance Group his practice, research and community engagement artistically focuses on merging of choreography, technology and Black cultural practices through multimedia work. Andr\u00e9 is a 2016 New York Foundation for the Arts Gregory Millard Fellow in Choreography and 2019 Jerome Hill Foundation Fellow in Choreography.<\/span>[\/vc_column_text][\/vc_column_inner][\/vc_row_inner][vc_empty_space][vc_column_text animation=&#8221;fadeInUp&#8221;]<span style=\"font-weight: 400;\">His works through RPG have been presented domestically and internationally, receiving support through several residencies, awards, commissions. These have included the\u00a0 LMCC Arts Center on Governors Island, Dance\/NYC Coronavirus Relief Fund, CUNY Dance Initiative, Performance Project Residency at University Settlement, ChoreoQuest Residency at Restoration Arts Brooklyn, 3LD Art &amp; Technology Center, HarvestWorks and a Jerome supported Movement Research AIR. Awarded grants have been from the Brooklyn Arts Council, Harlem Stage Fund for New Work and a Slate Property SPACE Award. Commissions have come from the Brooklyn Museum, Five Myles\/BRIC Biennial and Danspace Project.<\/span><span style=\"font-weight: 400;\">\r\n<\/span>\r\n\r\n<span style=\"font-weight: 400;\">RPG has earned mentions and favorable reviews from publications such as The New York Times, The New Yorker, The Village Voice, Culturebot, Infinite Blogspot, Futuristically Ancient, Hyperallergic, the Brooklyn Rail, the Daily News and AFROPUNK. As a technologist Andr\u00e9 has collaborated with various artists through RPG, the design team of 3LD Art &amp; Technology Center and The Clever Agency on design installations, immersive media productions, film productions, film editing, projection mapping and performance collaborations.<\/span>\r\n\r\n<span style=\"font-weight: 400;\">Andr\u00e9 has worked on major projects across artistic mediums as a choreographer, media designer and consultant with artists such as Daniel Bernard Roumain, Cynthia Hopkins, Davalois Fearon, Dance Caribbean COLLECTIVE, Arin Maya, Rags &amp; Ribbons, The Clever Agency, Kendra Foster, Manhattan School of Music, Burwell &amp; Sasser and Spike Lee. <\/span><span style=\"font-weight: 400;\">\r\n<\/span><span style=\"font-weight: 400;\">\r\n<\/span><span style=\"font-weight: 400;\">\u200bAs a scholar he has been a member of panels, led group talks, facilitated discussions and presented research on a myriad of topics including Afrofuturism, African Diaspora practices and philosophies, Black cultural aesthetics, technology in art and performance and on expanding the boundaries of art making within the community. He has been a panelist and presented his research at institutions such as Duke University, Brooklyn College, University of Virginia and Massachusetts Institute of Technology. Andr\u00e9 has taught at Brooklyn College and been a guest faculty member at the dance programs of Florida State University, Virginia Commonwealth University, The Ohio State University and University of California Los Angeles.<\/span>[\/vc_column_text][\/vc_column][\/vc_row][vc_row bg_type=&#8221;color&#8221; margin_bottom=&#8221;0&#8243; padding_top=&#8221;80&#8243; padding_bottom=&#8221;80&#8243; bg_color=&#8221;#f7f7f7&#8243;][vc_column][vc_row_inner][vc_column_inner width=&#8221;1\/4&#8243;]<div class=\"eut-element eut-box eut-align-left\" style=\"\"><div class=\"eut-media\"><img loading=\"lazy\" decoding=\"async\" width=\"600\" height=\"600\" src=\"https:\/\/dance.ucr.edu\/wp-content\/uploads\/2021\/03\/Crystal-Sepulveda-600x600-300dpi.jpg\" class=\"attachment-full size-full\" alt=\"\" srcset=\"https:\/\/dance.ucr.edu\/wp-content\/uploads\/2021\/03\/Crystal-Sepulveda-600x600-300dpi.jpg 600w, https:\/\/dance.ucr.edu\/wp-content\/uploads\/2021\/03\/Crystal-Sepulveda-600x600-300dpi-300x300.jpg 300w, https:\/\/dance.ucr.edu\/wp-content\/uploads\/2021\/03\/Crystal-Sepulveda-600x600-300dpi-150x150.jpg 150w\" sizes=\"auto, (max-width: 600px) 100vw, 600px\" \/><\/div>  <div class=\"eut-box-content\">    <p><\/p>  <\/div><\/div>[\/vc_column_inner][vc_column_inner width=&#8221;3\/4&#8243;][vc_column_text]<strong><span class=\"Default\">crystal sep\u00falveda (Spring 2020, Winter &amp; Spring 2021)\r\n<\/span><\/strong><span class=\"Default\">Visiting Lecturer<\/span>\r\n\r\ncrystal sep\u00falveda is a dance artist working collaboratively to compose video, movement, and sound for live performance and installation. Recent collaborations that exemplify sep\u00falveda\u2019s dance-making and interdisciplinary approach include Bodyscape (2015), the river knows (2016), Ch\u2019u Mayaa (2017). These collaborative works in addition to her solo durational performances are often tied to site-specific and site-sensitive manifestations that activate emergent notions of identity, healing, self-determination, and place-making from a Puerto Rican diaspora, post-Hurac\u00e1n Mar\u00eda, anti-colonial positionality. Becoming a mother to na\u00edri azul has inspired works such as Rooting Within (2019) commissioned by HomeLA and Fulcrum Arts, and Remedios (2019). Published in WE SPOKE, &#8220;mar\u00eda, na\u00edri, and i&#8221; and &#8221; Instructions Provided by a Mother&#8217;s Intuition Postpartum&#8221; (2019) are writings\/dance scores on becoming a mother and desires for a viable world in the face of environmental disasters and injustices.[\/vc_column_text][\/vc_column_inner][\/vc_row_inner][vc_empty_space][vc_column_text animation=&#8221;fadeInUp&#8221;]sep\u00falveda\u2019s work has been supported by the Foundation for Contemporary Art, Riverside Art Museum, and the Los Angeles Department of Cultural Affairs. Various institutions and performance spaces have featured sep\u00falveda\u2019s solo and collaborative work including the Whitney Museum of American Art, and CUNY Graduate Center Department of Music (New York); Los Angeles Municipal Art Gallery, HomeLA, Highways Performance Space, Human Resources LA, The Women\u2019s Center for Creative Work (Los Angeles); The LAB (San Francisco); Center of Music and Audio Technologies (Berkeley); CEART Tijuana and El Centro Cultural (Tijuana, MX); dan\u00e7a em foco Festival International (Rio de Janeiro, BR); Lake Studios Berlin (Berlin, DE); Centre D\u00fcrrenmatt (Neuch\u00e2tel, CH) and at Mus\u00e9e des beaux-arts (Le Locle, CH). Artist residencies that have supported developments of work in progress are the Luxor Factory (Switzerland), Milkbar (Oakland), Riverside Art Museum, Culver Arts Residency Lab (Riverside), and the Visual and Performing Arts Department at California State University San Marcos.\r\n\r\nAn alum of the Department of Dance at the University of California Riverside holding a Master\u2019s in Fine Arts in Experimental Choreography, sep\u00falveda is delighted to return and join the dance faculty as a Visiting Lecturer during Spring Quarter 2020. sep\u00falveda is also the Artistic Director of Spring\/Forward 2020: Dancing Rituals Alone &amp; Together During Uncertain Times, a culminating undergraduate dance-making performance event featuring works developed by students enrolled in sep\u00falveda\u2019s composition course. Previous courses taught in higher education cover dance composition, improvisation, interdisciplinary approaches to choreography and contemporary practices. Sep\u00falveda has held faculty positions in dance departments at La Universidad de Sagrado Corazon, Mt. San Jacinto College, Eastern Connecticut State University, Fairfield University, the University of California at Riverside, and California State University San Marcos. For more info visit crystalsepulveda.com[\/vc_column_text][\/vc_column][\/vc_row][vc_row footer_feature=&#8221;yes&#8221; margin_bottom=&#8221;0&#8243; padding_top=&#8221;80&#8243; padding_bottom=&#8221;120&#8243;][vc_column][vc_column_text animation=&#8221;fadeInUp&#8221;]\r\n<p class=\"p1\"><strong>Ximena Garnica (Fall 2018-Winter 2019)<\/strong>\r\nVisiting Assistant Professor<\/p>\r\n<p class=\"p1\">Ximena Garnica is Columbian-born award-winning choreographer and director, as well as a curator and producer, with extensive teaching experience, including, most recently, at the Playwrights Horizons Theater School at New York University\u2019s Tisch School of the Arts.\u00a0\u00a0She is the recipient of the prestigious Van Lier Fellowship for young Hispanic directors in New York, the Bessie Schonberg Choreographers\u2019 Residency at The Yard in New York, and of the highly regarded three-year HERE residency, designed to assist individual artists or collaborative teams working in a hybrid form in live performance, also in New York.<\/p>\r\n<p class=\"p1\">Garnica holds a Bachelor of Arts in Theater from the City College of New York, and graduated from the Tenshikan Dance Institute in Tokyo, led by Akira Kusai, one of the pioneers of the Japanase dance form known as butoh. With her artistic partner, the Japanese-born Shige Moriya, Garnica is a co-founder and artistic director of the LEIMAY Ensemble, a group of six dancers and performers. Their collaborative work ranges from sculptural, video, mixed media and light installation art to interdisciplinary movement-based performances and publications. They have exhibited their work in visual art galleries, museums, theaters and public places in New York City and across the United States in venues such as the Brooklyn Academy of Music, the Brooklyn Museum, the Watermill Center, the New Museum, Japan Society, and the Asian Museum of San Francisco, as well as in international venues in Japan, Spain, France, the Netherlands, Mexico, and Colombia. Their work has been reviewed in such prominent outlets as The New York Times, The New York Press, The MIT Press Journal Theater and Drama Review (TDR).<\/p>\r\n<p class=\"p1\">With her dance company LEIMAY (Cave Organization), Ximena Garnica has developed a sought after teaching\/training program for emerging and established dancers, physical performers, actors and voice artists. Their LEIMAY Ludus Training Program is a platform for the development a non-codified practice that diverse groups of artists can benefit from.<\/p>\r\n[\/vc_column_text][\/vc_column][\/vc_row]","protected":false},"excerpt":{"rendered":"<p>[vc_row header_feature=&#8221;yes&#8221; margin_bottom=&#8221;0&#8243; padding_top=&#8221;80&#8243;][vc_column][vc_empty_space height=&#8221;40px&#8221;][\/vc_column][\/vc_row][vc_row header_feature=&#8221;yes&#8221; margin_bottom=&#8221;0&#8243; padding_top=&#8221;80&#8243; padding_bottom=&#8221;80&#8243;][vc_column][vc_row_inner][vc_column_inner width=&#8221;1\/4&#8243;][\/vc_column_inner][vc_column_inner width=&#8221;3\/4&#8243;][vc_column_text]Patricia &#8220;Patty&#8221; Huerta (Spring 2024-Winter 2025) Visiting Assistant Professor Patricia \u201cPatty\u201d Huerta, a first generation artist, cultural dance maker, and educator from Los Angeles, California amplifying and uplifting Latinx experiences and Afro-Latin Social Dance forms through community driven dance making. She received her B.A and [&hellip;]<\/p>\n","protected":false},"author":2,"featured_media":0,"parent":0,"menu_order":0,"comment_status":"closed","ping_status":"closed","template":"","meta":{"footnotes":""},"class_list":["post-3522","page","type-page","status-publish","hentry"],"_links":{"self":[{"href":"https:\/\/dance.ucr.edu\/wp-json\/wp\/v2\/pages\/3522","targetHints":{"allow":["GET"]}}],"collection":[{"href":"https:\/\/dance.ucr.edu\/wp-json\/wp\/v2\/pages"}],"about":[{"href":"https:\/\/dance.ucr.edu\/wp-json\/wp\/v2\/types\/page"}],"author":[{"embeddable":true,"href":"https:\/\/dance.ucr.edu\/wp-json\/wp\/v2\/users\/2"}],"replies":[{"embeddable":true,"href":"https:\/\/dance.ucr.edu\/wp-json\/wp\/v2\/comments?post=3522"}],"version-history":[{"count":27,"href":"https:\/\/dance.ucr.edu\/wp-json\/wp\/v2\/pages\/3522\/revisions"}],"predecessor-version":[{"id":6518,"href":"https:\/\/dance.ucr.edu\/wp-json\/wp\/v2\/pages\/3522\/revisions\/6518"}],"wp:attachment":[{"href":"https:\/\/dance.ucr.edu\/wp-json\/wp\/v2\/media?parent=3522"}],"curies":[{"name":"wp","href":"https:\/\/api.w.org\/{rel}","templated":true}]}}