{"id":3286,"date":"2020-08-26T20:02:09","date_gmt":"2020-08-26T20:02:09","guid":{"rendered":"http:\/\/dance.ucr.edu\/?page_id=3286"},"modified":"2025-08-14T14:44:25","modified_gmt":"2025-08-14T21:44:25","slug":"visiting-fellows","status":"publish","type":"page","link":"https:\/\/dance.ucr.edu\/visiting-fellows\/","title":{"rendered":"Visiting Fellows"},"content":{"rendered":"[vc_row header_feature=&#8221;yes&#8221; margin_bottom=&#8221;0&#8243; padding_top=&#8221;80&#8243;][vc_column][vc_empty_space height=&#8221;40px&#8221;][\/vc_column][\/vc_row][vc_row header_feature=&#8221;yes&#8221; margin_bottom=&#8221;0&#8243; padding_top=&#8221;80&#8243;][vc_column width=&#8221;1\/4&#8243;]<div class=\"eut-element eut-box eut-align-left\" style=\"\"><div class=\"eut-media\"><img loading=\"lazy\" decoding=\"async\" width=\"320\" height=\"480\" src=\"https:\/\/dance.ucr.edu\/wp-content\/uploads\/2025\/08\/Headshot-laura-cecilio.jpeg\" class=\"attachment-full size-full\" alt=\"\" srcset=\"https:\/\/dance.ucr.edu\/wp-content\/uploads\/2025\/08\/Headshot-laura-cecilio.jpeg 320w, https:\/\/dance.ucr.edu\/wp-content\/uploads\/2025\/08\/Headshot-laura-cecilio-200x300.jpeg 200w\" sizes=\"auto, (max-width: 320px) 100vw, 320px\" \/><\/div>  <div class=\"eut-box-content\">    <p><\/p>  <\/div><\/div>[\/vc_column][vc_column width=&#8221;3\/4&#8243;][vc_column_text]<span style=\"font-weight: 400;\"><strong><b>Laura Cecilio <\/b><i>(she \/ her)\u00a0 \u00a0<\/i><\/strong><em><strong>\r\n<\/strong><\/em><strong>Pontifical Catholic University of S\u00e3o Paulo (<\/strong><\/span><strong><a href=\"https:\/\/www.pucsp.br\/home\">PUC-SP<\/a>), Department of Communications and Semiotics Visiting scholar (2024)<span style=\"font-weight: 400;\"><i>\u00a0<\/i><em>\r\n<\/em>Laura Cecilio is a Brazilian performing artist and scholar. During her residency at UCR, she was a <a href=\"http:\/\/lattes.cnpq.br\/0468901839855338\">PhD student<\/a> in the <a href=\"https:\/\/www.pucsp.br\/pos-graduacao\/mestrado-e-doutorado\/comunicacao-e-semiotica\">Communication and Semiotics Program<\/a> at the Pontifical Catholic University of S\u00e3o Paulo (<a href=\"https:\/\/www.pucsp.br\/home\">PUC-SP<\/a>). Since 2021, under the supervision of Professor <a href=\"https:\/\/barco.art.br\/people\/christine-greiner\/\">Christine Greiner<\/a>, PhD and with funding from <a href=\"https:\/\/www.gov.br\/cnpq\/pt-br\">CNPq<\/a>, Cecilio has been pursuing her doctoral research titled \u201cNetworks of Resistance and Their Micropolitical Narratives.\u201d Her research explores the expressive potential of Brazilian queer existences through performative arts such as music, dance, and literary forms.\u00a0<\/span><\/strong>\r\n\r\n<span style=\"font-weight: 400;\">In 2024, she was awarded a <\/span><a href=\"https:\/\/www.gov.br\/capes\/pt-br\/acesso-a-informacao\/acoes-e-programas\/bolsas\/bolsas-e-auxilios-internacionais\/encontre-aqui\/paises\/multinacional\/programa-de-doutorado-sanduiche-no-exterior-pdse\"><span style=\"font-weight: 400;\">CAPES-PDSE<\/span><\/a><span style=\"font-weight: 400;\"> scholarship, which supported her residency at the University of California, Riverside. As a Visiting Scholar in the <\/span><a href=\"https:\/\/dance.ucr.edu\/phd-program\/\"><span style=\"font-weight: 400;\">Dance Department<\/span><\/a><span style=\"font-weight: 400;\">, she worked under the guidance of Professor <\/span><a href=\"https:\/\/dance.ucr.edu\/faculty\/maria-firmino-castillo\/\"><span style=\"font-weight: 400;\">Mar\u00eda Regina Firmino-Castillo<\/span><\/a><span style=\"font-weight: 400;\">, PhD to complete a chapter of her dissertation; Cecilio also developed and presented the practical portion of her research, a performance project titled \u201cFic\u00e7\u00f5es\u201d-\u2013which began in music venues in S\u00e3o Paulo-\u2013and was <\/span><a href=\"https:\/\/vimeo.com\/956775520\/6d3418fd8c?share=copy\"><span style=\"font-weight: 400;\">performed in the Dance Department<\/span><\/a><span style=\"font-weight: 400;\"> at UCR in June 2024. During the second part of her UCR residency, Cecilio was in residence in the <\/span><a href=\"https:\/\/music.ucr.edu\/visiting-scholars?_gl=1*alu1fc*_ga*MTA0NTc3ODUxNi4xNzI1MzA0MTU3*_ga_S8BZQKWST2*MTcyNTQwNDUwNy45Ny4xLjE3MjU0MDQ1MzkuMC4wLjA.*_ga_Z1RGSBHBF7*MTcyNTQwNDUwNy45Ny4xLjE3MjU0MDQ1MzkuMC4wLjA\"><span style=\"font-weight: 400;\">Music Department<\/span><\/a><span style=\"font-weight: 400;\"> working under the supervision of Professor <\/span><a href=\"https:\/\/profiles.ucr.edu\/app\/home\/profile\/walterc\"><span style=\"font-weight: 400;\">Walter Clark<\/span><\/a><span style=\"font-weight: 400;\">, PhD, who supervised further development of &#8220;Fic\u00e7\u00f5es\u201d and supported her research at the UCR\u2019s <\/span><a href=\"https:\/\/ears.ucr.edu\/?_gl=1*x5u2t*_ga*NzE2MTM0MjU5LjE3Mzc2NjA1MjQ.*_ga_S8BZQKWST2*MTczODc4MTkxMS40LjEuMTczODc4MjAyMy4wLjAuMA..*_ga_Z1RGSBHBF7*MTczODc4MTkxMS40LjEuMTczODc4MjAyMy4wLjAuMA\"><span style=\"font-weight: 400;\">Experimental Acoustics Research Studio<\/span><\/a><span style=\"font-weight: 400;\"> (EARS), culminating in her performance presentation at the <\/span><a href=\"https:\/\/arts.arizona.edu\/exhibition-brings-together-science-art-and-community-building\/\"><span style=\"font-weight: 400;\">University of Arizona in Tucson<\/span><\/a><span style=\"font-weight: 400;\"> in October 2024.<\/span>\r\n\r\n<span style=\"font-weight: 400;\">Cecilio is also a performer\/singer in different projects such as \u201c<\/span><a href=\"https:\/\/www.instagram.com\/soturnajazz\/\"><span style=\"font-weight: 400;\">Soturna<\/span><\/a><span style=\"font-weight: 400;\">\u201d (Burlesque Jazz music) \u201c<\/span><a href=\"https:\/\/www.instagram.com\/manati.peixebanda\/\"><span style=\"font-weight: 400;\">Manati Peixe-Banda<\/span><\/a><span style=\"font-weight: 400;\">\u201d (Brazilian Progressive Psychedelic music) and \u201c<\/span><a href=\"https:\/\/open.spotify.com\/intl-pt\/artist\/6FXK9LDQVT8yymgHonZVkL?si=HGyklN5DQ6GkgxYaWg07lQ\"><span style=\"font-weight: 400;\">A Drama<\/span><\/a><span style=\"font-weight: 400;\">\u201d (Nova M\u00fasica Popular Brasileira).\u00a0<\/span>\r\n\r\n<a href=\"http:\/\/lattes.cnpq.br\/0468901839855338\"><span style=\"font-weight: 400;\">CV<\/span><\/a>\r\n\r\n<a href=\"mailto:lauramcecilio@gmail.com\"><span style=\"font-weight: 400;\">lauramcecilio@gmail.com<\/span><\/a>[\/vc_column_text][vc_column_text animation=&#8221;fadeInUp&#8221;]<strong>Rebecca Chaleff<\/strong><em><strong>\r\nChancellor\u2019s Postdoctoral Fellow (2017-2018)\r\n<\/strong><\/em>Rebecca Chaleff<em>\u00a0<\/em>is a Chancellor\u2019s Postdoctoral Fellow at UC Riverside. She holds a Ph.D. in Theater and Performance Studies from Stanford University with a minor in Feminist, Gender, and Sexuality Studies. Rebecca\u2019s research emerges at the intersection of dance studies, queer theory, and critical race theory to focus on the (dis)embodied transmissions of affective histories in performance. Her current project,\u00a0<em>Choreographic Legacies<\/em>, analyzes how choreographically embedded legacies of the Western canon circulate across time to uphold and\/or contest the sociopolitical imperatives of European imperialism transnationally. Her writing has been published in\u00a0<em>TDR\/The Drama Review<\/em>\u00a0and\u00a0<em>Performance Research<\/em>\u00a0and is forthcoming in\u00a0<em>Dance Research Journal<\/em>\u00a0and the\u00a0<em>Futures of Dance Studies\u00a0<\/em>anthology. In 2017, Rebecca was honored to receive the Centennial Teaching Assistant Award at Stanford; she enjoys teaching introductory and advanced courses in dance and performance studies that encourage creative thinking between dance history and critical theories of race, gender, and sexuality. As a dancer, Rebecca has had the pleasure of performing with GERALDCASELDANCE, Pat Catterson, the Merce Cunningham Dance Company Repertory Understudy Group, Douglas Dunn and Dancers, Molissa Fenley and Company, and the Margaret Jenkins Dance Company, among others.[\/vc_column_text][vc_column_text animation=&#8221;fadeInUp&#8221;]<strong>Noriko Karube<\/strong>\r\n<em><strong>Fulbright Visiting Student Researcher (2017-2018)\r\n<\/strong><\/em>Noriko Karube is a Japanese Ph.D. candidate in Cultural Anthropology at Graduate School of Letters, Arts and Sciences, Waseda University in Tokyo, Japan. She is a recipient of the Fulbright Scholarship in Visiting Graduate Researcher Program 2017-2018, sponsored by the Institute of International Education and the Japan-U.S. Educational Commission (Fulbright Japan) and she is affiliated by the Department of Dance at the University of California, Riverside. She is also receiving a Research Grants 2017 of the Institute for the Culture of Travel. Under the support of these sponsorships, she is currently working on her Ph.D. dissertation project which will discuss Hula, a native Hawaiian traditional dance, in California.\r\nShe received her first BA in Literature (German Literature) in 2006 from the School of Letters, Arts and Sciences 1, Waseda University, and a second BA in Literature (Interdisciplinary Studies of Culture) in 2010 from the School of Culture, Media and Society, Waseda University, after working for one of Japan&#8217;s largest international law firms in Tokyo as a secretary for approximately four years. In 2012, she completed her Master&#8217;s program and received a degree in Literature (Cultural Anthropology) from Graduate School of Letters, Arts and Sciences, Waseda University under the direction of Prof. Masao Nishimura.\r\n\r\nHer current research interests are varied such as intangible Cultural Heritage, especially the art of dance and memory, an impact of globalization and tourism on sacred traditions, and authenticity and diversity of hula. As a side project, she has been actively working on the cultural impact of development for telescopes on the summit of Mauna Kea, Hawai\u02bbi.[\/vc_column_text][vc_column_text animation=&#8221;fadeInUp&#8221;]<strong>Fabiana Marroni Della Giustina\r\n<em>Visiting Scholar (2017-2018)<\/em><\/strong>\r\nFabiana\u00a0Marroni Della Giustina is a Brazilian Dancer and a theatre arts professor at the Federal University of Bras\u00edlia\/UnB since 2009 in the Department of Arts. She is a visiting scholar at the University of California, Riverside in the Dance Department and has been awarded with a scholarship from the CAPES Foundation. Her research is entitled \u201cThe Skin That Overflows Movement \u2013 A Research on Dance, People and Objects\u201d which she has been developing since 2015 through the graduate program at the\u00a0<a href=\"http:\/\/www.ppgarte.unb.br\/\" target=\"_blank\" rel=\"noopener noreferrer\">University of Bras\u00edlia<\/a>.\u00a0Fabiana\u00a0holds an M.A. in dance and education from the same program with a thesis titled \u201cDancing Playing to Play Dancing\u201d which was published in 2009. She completed her specialization in Educational Psychology and Contexts at Catholica College of Uberl\u00e2ndia\/MG in 2005. She concluded a Licentiate Degree in Artistic Education\/Theatre Arts\u00a0in 1999 from University of Bras\u00edlia\/UnB. After graduation,\u00a0Fabiana\u00a0served for nine years\u00a0as an Arts Professor in the Education State Department of the Federal District Government \/GDF. At the same time, she was a professor in the theatre department at the Federal University of Uberl\u00e2ndia \/ UFU (2003-2005). As a dancer,\u00a0Fabiana\u00a0has had the pleasure of performing with\u00a0Basirah \u2013 N\u00facleo de Dan\u00e7a Contempor\u00e2nea, Cia M\u00e1rcia Duarte, Alaya Dan\u00e7a, among others.\r\n\r\nHer doctorate research has been influenced from the formation of \u201cCollective CoisAzul\u201d that is composed of dancers and a blue bean bag chair.\r\n\r\n<a href=\"http:\/\/www.coisaazul.com\/\" target=\"_blank\" rel=\"noopener noreferrer\">www.coisaazul.com<\/a>\u00a0\/ #CoisAzul Instagram\r\n<a href=\"mailto:fabianamarroni@unb.br\" target=\"_blank\" rel=\"noopener noreferrer\">fabianamarroni@unb.br<\/a>[\/vc_column_text][vc_column_text animation=&#8221;fadeInUp&#8221;]<strong>Tria Blu Wakpa<\/strong><strong>\r\n<\/strong><em><strong>President\u2019s Postdoctoral Fellow (2017-2018)\r\n<\/strong><\/em>Tria Blu Wakpa is a 2017-2018 President\u2019s Postdoctoral Fellow in the Dance Department at UC Riverside, where she will work with her faculty mentor, Professor Jacqueline Shea Murphy. Tria will receive her Ph.D. in Ethnic Studies from UC Berkeley in May 2017. Her research focuses on the continuities and contradictions among Native American education, incarceration, and performance in educational and carceral facilities. Tria has recently published articles in\u00a0<em>The American Indian Culture and Research Journal<\/em>\u00a0and\u00a0<em>Dance Research Journal<\/em>\u00a0and served as a guest editor for special issue journals that feature writing by people who are imprisoned. She has also taught a wide range of interdisciplinary and community-engaged courses at public, private, tribal, and carceral institutions. Tria is the founder and co-facilitator for the Race and Yoga Working Group and the co-founder and co-facilitator for the Race and Yoga Conference and\u00a0<em>Race and Yoga\u00a0<\/em>journal. She holds an M.A. from UC Berkeley in Ethnic Studies, an M.F.A. in Creative Writing from San Diego State University, and has decades of training in martial arts and yoga. Tria is grateful to have received support and recognition from numerous sources for her scholarly and creative work including: the Ford Foundation, Fulbright, and Dancing Earth: Indigenous Contemporary Dance Creations.[\/vc_column_text][vc_column_text]I am text block. Click edit button to change this text. Lorem ipsum dolor sit amet, consectetur adipiscing elit. Ut elit tellus, luctus nec ullamcorper mattis, pulvinar dapibus leo.[\/vc_column_text][\/vc_column][\/vc_row]","protected":false},"excerpt":{"rendered":"<p>[vc_row header_feature=&#8221;yes&#8221; margin_bottom=&#8221;0&#8243; padding_top=&#8221;80&#8243;][vc_column][vc_empty_space height=&#8221;40px&#8221;][\/vc_column][\/vc_row][vc_row header_feature=&#8221;yes&#8221; margin_bottom=&#8221;0&#8243; padding_top=&#8221;80&#8243;][vc_column width=&#8221;1\/4&#8243;][\/vc_column][vc_column width=&#8221;3\/4&#8243;][vc_column_text]Laura Cecilio (she \/ her)\u00a0 \u00a0 Pontifical Catholic University of S\u00e3o Paulo (PUC-SP), Department of Communications and Semiotics Visiting scholar (2024)\u00a0 Laura Cecilio is a Brazilian performing artist and scholar. During her residency at UCR, she was a PhD student in the Communication and Semiotics Program [&hellip;]<\/p>\n","protected":false},"author":2,"featured_media":0,"parent":0,"menu_order":0,"comment_status":"closed","ping_status":"closed","template":"","meta":{"footnotes":""},"class_list":["post-3286","page","type-page","status-publish","hentry"],"_links":{"self":[{"href":"https:\/\/dance.ucr.edu\/wp-json\/wp\/v2\/pages\/3286","targetHints":{"allow":["GET"]}}],"collection":[{"href":"https:\/\/dance.ucr.edu\/wp-json\/wp\/v2\/pages"}],"about":[{"href":"https:\/\/dance.ucr.edu\/wp-json\/wp\/v2\/types\/page"}],"author":[{"embeddable":true,"href":"https:\/\/dance.ucr.edu\/wp-json\/wp\/v2\/users\/2"}],"replies":[{"embeddable":true,"href":"https:\/\/dance.ucr.edu\/wp-json\/wp\/v2\/comments?post=3286"}],"version-history":[{"count":28,"href":"https:\/\/dance.ucr.edu\/wp-json\/wp\/v2\/pages\/3286\/revisions"}],"predecessor-version":[{"id":6616,"href":"https:\/\/dance.ucr.edu\/wp-json\/wp\/v2\/pages\/3286\/revisions\/6616"}],"wp:attachment":[{"href":"https:\/\/dance.ucr.edu\/wp-json\/wp\/v2\/media?parent=3286"}],"curies":[{"name":"wp","href":"https:\/\/api.w.org\/{rel}","templated":true}]}}