{"id":12,"date":"2018-12-04T01:33:35","date_gmt":"2018-12-04T01:33:35","guid":{"rendered":"https:\/\/cilam.ucr.edu\/?page_id=12"},"modified":"2023-06-29T12:23:18","modified_gmt":"2023-06-29T19:23:18","slug":"links","status":"publish","type":"page","link":"https:\/\/cilam.ucr.edu\/links\/","title":{"rendered":"Links"},"content":{"rendered":"<p><strong>UCR Ensembles<\/strong><\/p>\n<ul>\n<li><a href=\"http:\/\/music.ucr.edu\/ensembles\/mayupatapi\/\" target=\"_blank\" rel=\"noopener\">Mayupatapi<\/a><\/li>\n<li><a href=\"http:\/\/music.ucr.edu\/ensembles\/mariachi-mexicatlballet-folklorico-mexicatl\/\" target=\"_blank\" rel=\"noopener\">UCR Studio for Mexican Music and Dance<\/a><\/li>\n<li><a href=\"http:\/\/music.ucr.edu\/ensembles\/rondalla\/\" target=\"_blank\" rel=\"noopener\">Rondalla<\/a><\/li>\n<\/ul>\n<p><a href=\"http:\/\/www.barcelonafestivalofsong.com\/\" target=\"_blank\" rel=\"noopener\">Barcelona Festival of Song<\/a><\/p>\n<p><a href=\"http:\/\/archivosilvestrerevueltas.dgb.unam.mx\/\" target=\"_blank\" rel=\"noopener\">Biblioteca Digital Silvestre Revueltas<\/a><\/p>\n<p><a href=\"http:\/\/www.cayambismusicpress.com\" target=\"_blank\" rel=\"noopener\">Cayambis Music Press<\/a>, a recently formed company that specializes in Latin American chamber music.<\/p>\n<p><a href=\"http:\/\/www.musicaiberoamericana.com\/\" target=\"_blank\" rel=\"noopener\">Centro de Estudios Musicales Latinoamericanos e Ib\u00e9ricos<\/a><\/p>\n<p><a href=\"http:\/\/beta.cidom.es\/el-centro\/miembros\/paulino-apellidos-m2.html\">Centro de Investigaci\u00f3n y Documentaci\u00f3n Musical<\/a><\/p>\n<p><a href=\"https:\/\/revista.uclm.es\/index.php\/cuadernosdeinvestigacionmusical\/index\">Cuadernos de Investigaci\u00f3n Musical<\/a><\/p>\n<p><a href=\"http:\/\/www.diegoluzuriaga.com\/\" target=\"_blank\" rel=\"noopener\">Diego Luzuriaga <\/a><\/p>\n<p><a href=\"http:\/\/brookcenter.gc.cuny.edu\/?page_id=41\" target=\"_blank\" rel=\"noopener\">Foundation for Iberian Music<\/a> (CUNY Graduate Center)<\/p>\n<p><a href=\"http:\/\/www.ilams.org.uk\/\" target=\"_blank\" rel=\"noopener\">Iberian and Latin American Music Society<\/a> (London)<\/p>\n<p><a href=\"http:\/\/iamsg.ucr.edu\/\" target=\"_blank\" rel=\"noopener\">Ibero-American Music Study Group<\/a> (American Musicological Society)<\/p>\n<p><a href=\"http:\/\/www.pucp.edu.pe\/invest\/ide\" target=\"_blank\" rel=\"noopener\">Instituto de Etnomusicolog\u00eda<\/a><\/p>\n<p><a href=\"http:\/\/www.fimte.org\/\" target=\"_blank\" rel=\"noopener\">International Festival of Spanish Keyboard Music<\/a><\/p>\n<p><a href=\"https:\/\/www.mundoarts.com\" target=\"_blank\" rel=\"noopener\">MundoArts<\/a><\/p>\n<p><a href=\"http:\/\/mar.ugr.es\">M\u00fasica de Andaluc\u00eda en la Red<\/a><\/p>\n<p><a href=\"http:\/\/musicologiafeminista.ning.com\/\" target=\"_blank\" rel=\"noopener\">Musicolog\u00eda feminista<\/a><\/p>\n<p><a href=\"http:\/\/www.OrchestraOfNewSpain.org\/\" target=\"_blank\" rel=\"noopener\">Orchestra of New Spain<\/a><\/p>\n<p><a href=\"https:\/\/ula.academia.edu\/RafaelSaavedra\">Rafael Saavedra, Universidad de Los Andes<\/a> (Venezuela)<\/p>\n","protected":false},"excerpt":{"rendered":"<p>UCR Ensembles Mayupatapi UCR Studio for Mexican Music and Dance Rondalla Barcelona Festival of Song Biblioteca Digital Silvestre Revueltas Cayambis Music Press, a recently formed company that specializes in Latin American chamber music. Centro de Estudios Musicales Latinoamericanos e Ib\u00e9ricos Centro de Investigaci\u00f3n y Documentaci\u00f3n Musical Cuadernos de Investigaci\u00f3n Musical Diego Luzuriaga Foundation for Iberian &hellip; <a href=\"https:\/\/cilam.ucr.edu\/links\/\" class=\"more-link\">Continue reading <span class=\"screen-reader-text\">Links<\/span><\/a><\/p>\n","protected":false},"author":1,"featured_media":0,"parent":0,"menu_order":0,"comment_status":"closed","ping_status":"closed","template":"","meta":{"footnotes":""},"class_list":["post-12","page","type-page","status-publish","hentry"],"_links":{"self":[{"href":"https:\/\/cilam.ucr.edu\/wp-json\/wp\/v2\/pages\/12","targetHints":{"allow":["GET"]}}],"collection":[{"href":"https:\/\/cilam.ucr.edu\/wp-json\/wp\/v2\/pages"}],"about":[{"href":"https:\/\/cilam.ucr.edu\/wp-json\/wp\/v2\/types\/page"}],"author":[{"embeddable":true,"href":"https:\/\/cilam.ucr.edu\/wp-json\/wp\/v2\/users\/1"}],"replies":[{"embeddable":true,"href":"https:\/\/cilam.ucr.edu\/wp-json\/wp\/v2\/comments?post=12"}],"version-history":[{"count":7,"href":"https:\/\/cilam.ucr.edu\/wp-json\/wp\/v2\/pages\/12\/revisions"}],"predecessor-version":[{"id":420,"href":"https:\/\/cilam.ucr.edu\/wp-json\/wp\/v2\/pages\/12\/revisions\/420"}],"wp:attachment":[{"href":"https:\/\/cilam.ucr.edu\/wp-json\/wp\/v2\/media?parent=12"}],"curies":[{"name":"wp","href":"https:\/\/api.w.org\/{rel}","templated":true}]}}