{"id":3258,"date":"2018-01-17T14:47:13","date_gmt":"2018-01-17T22:47:13","guid":{"rendered":"https:\/\/arthistory.ucr.edu\/?page_id=3258"},"modified":"2018-01-17T14:47:13","modified_gmt":"2018-01-17T22:47:13","slug":"nina-macaraig","status":"publish","type":"page","link":"https:\/\/arthistory.ucr.edu\/faculty\/nina-macaraig\/","title":{"rendered":"Nina Macaraig"},"content":{"rendered":"<div class=\"su-row\">\n<div class=\"su-column su-column-size-1-4\"><div class=\"su-column-inner su-u-clearfix su-u-trim\">\n<p><span class=\"faculty-title\">VISITING <\/span><\/p>\n<p><span class=\"faculty-title\">Assistant PROFESSOR<br \/>\n<\/span><span class=\"faculty-title\"><br \/>\n<\/span><\/p>\n<i class=\"fa fa-phone \" ><\/i> 951-827-1403<br \/>\n<i class=\"fa fa-envelope \" ><\/i> <a href=\"mailto:nina.macaraig@ucr.edu\">nina.macaraig@ucr.edu<\/a><\/p>\n<\/div><\/div>\n<div class=\"su-column su-column-size-3-4\"><div class=\"su-column-inner su-u-clearfix su-u-trim\">\n<div class=\"su-tabs su-tabs-style-default su-tabs-mobile-stack\" data-active=\"1\" data-scroll-offset=\"0\" data-anchor-in-url=\"no\"><div class=\"su-tabs-nav\"><span class=\"\" data-url=\"\" data-target=\"blank\" tabindex=\"0\" role=\"button\"><strong>Teaching<\/strong><\/span><span class=\"\" data-url=\"\" data-target=\"blank\" tabindex=\"0\" role=\"button\"><strong>Biography<\/strong><\/span><span class=\"\" data-url=\"\" data-target=\"blank\" tabindex=\"0\" role=\"button\"><strong>Research<\/strong><\/span><\/div><div class=\"su-tabs-panes\"><div class=\"su-tabs-pane su-u-clearfix su-u-trim\" data-title=\"&lt;strong&gt;Teaching&lt;\/strong&gt;\">\n<p><b>Winter quarter 2018<\/b><\/p>\n<p>I&#8217;ll be teaching: <em>Graduate Seminar &#8211; Major Monuments of Islamic Architecture<br \/>\n<\/em><\/p>\n<p>This course will examine Islamic architecture based on a number of select iconic monuments situated in a region spanning from Spain to India, such as the Dome of the Rock, the Alhambra, the Topkap\u0131 Palace in Istanbul, the city of Isfahan, and the Taj Mahal. While following a chronological order, we will use these monuments and urban ensembles to focus on a variety of themes and issues\u2014such as patronage, power, gender, the senses, and the history of reception. Readings by eminent scholars such as Oleg Grabar, Gu\u0308lru Necipo\u011flu, and D. Fairchild Ruggles will familiarize students with different theoretical frameworks and methodological tools that scholars of Islamic Art and Architecture have employed. Course assignments include a reading journal containing analytical assessments of the assigned literature, a short research paper on a topic selected in consultation with the instructor, and student presentations of the research topic.<\/p>\n<\/div>\n<div class=\"su-tabs-pane su-u-clearfix su-u-trim\" data-title=\"&lt;strong&gt;Biography&lt;\/strong&gt;\">\n<p>Nina Macaraig received her doctorate in Islamic Art History from the University of Minnesota in 2005. From 2005 to 2017, she worked at Ko\u00e7 University, Istanbul, first as Post-Doctoral Fellow at the Research Center for Anatolian Civilizations, then as Instructor in the Department of History, and finally as faculty member in the Department of Archaeology and History of Art, where she became Associate Professor in 2014. In 2010, she was a Post-Doctoral Fellow with the Kunsthistorische Institut in Florence, Italy. Fall 2015 she spent as Visiting Associate Professor in the Department of Art and Art History at Stanford University, and in Spring 2016, she held a Getty Fellowship for her project on \u201cHeavenly Fragrance from Earthly Censers: Conveying the Immaterial Through the Sensory Experience of Material Objects.\u201d<\/p>\n<\/div>\n<div class=\"su-tabs-pane su-u-clearfix su-u-trim\" data-title=\"&lt;strong&gt;Research&lt;\/strong&gt;\">\n<p>Nina Macaraig specializes in Ottoman architectural history, in particular the \u201clesser\u201d monuments within its canon, such as bathhouses and soup kitchens, as well as sensory aspects of the built environment. Her articles include \u201cOttoman Royal Women\u2019s Spaces: The Acoustic Dimension,\u201d <em>Journal of Women\u2019s History<\/em> 26\/1 (2014), and \u201cThe Fragrance of the Divine: Ottoman Incense Burners and Their Context,\u201d <em>The Art Bulletin<\/em> 96\/1 (2014), for which she received the <em>Journal of Women\u2019s History<\/em>\u2019s Third Biannual Best Article Award and the \u00d6mer L\u00fctfi Barkan Article Prize, respectively. Her book entitled <em>\u00c7emberlita\u015f Hamam\u0131 in Istanbul: The Biographical Memoir of a Turkish Bath<\/em> is forthcoming with Edinburgh University Press.<\/p>\n<\/div><\/div><\/div>\n<\/div><\/div>\n<\/div>\n","protected":false},"excerpt":{"rendered":"","protected":false},"author":3,"featured_media":0,"parent":13,"menu_order":0,"comment_status":"closed","ping_status":"closed","template":"","meta":{"ngg_post_thumbnail":0,"footnotes":""},"class_list":["post-3258","page","type-page","status-publish","hentry"],"jetpack_sharing_enabled":true,"_links":{"self":[{"href":"https:\/\/arthistory.ucr.edu\/wp-json\/wp\/v2\/pages\/3258","targetHints":{"allow":["GET"]}}],"collection":[{"href":"https:\/\/arthistory.ucr.edu\/wp-json\/wp\/v2\/pages"}],"about":[{"href":"https:\/\/arthistory.ucr.edu\/wp-json\/wp\/v2\/types\/page"}],"author":[{"embeddable":true,"href":"https:\/\/arthistory.ucr.edu\/wp-json\/wp\/v2\/users\/3"}],"replies":[{"embeddable":true,"href":"https:\/\/arthistory.ucr.edu\/wp-json\/wp\/v2\/comments?post=3258"}],"version-history":[{"count":3,"href":"https:\/\/arthistory.ucr.edu\/wp-json\/wp\/v2\/pages\/3258\/revisions"}],"predecessor-version":[{"id":3261,"href":"https:\/\/arthistory.ucr.edu\/wp-json\/wp\/v2\/pages\/3258\/revisions\/3261"}],"up":[{"embeddable":true,"href":"https:\/\/arthistory.ucr.edu\/wp-json\/wp\/v2\/pages\/13"}],"wp:attachment":[{"href":"https:\/\/arthistory.ucr.edu\/wp-json\/wp\/v2\/media?parent=3258"}],"curies":[{"name":"wp","href":"https:\/\/api.w.org\/{rel}","templated":true}]}}