{"id":241,"date":"2015-01-22T17:14:26","date_gmt":"2015-01-23T01:14:26","guid":{"rendered":"https:\/\/arthistory.ucr.edu\/?page_id=241"},"modified":"2025-02-19T18:28:51","modified_gmt":"2025-02-20T02:28:51","slug":"aleca-le-blanc","status":"publish","type":"page","link":"https:\/\/arthistory.ucr.edu\/faculty\/aleca-le-blanc\/","title":{"rendered":"Aleca Le Blanc"},"content":{"rendered":"<div class=\"su-row\">\n<div class=\"su-column su-column-size-1-4\"><div class=\"su-column-inner su-u-clearfix su-u-trim\">\n<p><img loading=\"lazy\" decoding=\"async\" class=\"alignnone size-medium wp-image-6390\" src=\"https:\/\/arthistory.ucr.edu\/wp-content\/uploads\/2024\/12\/le-blanc-website-2-225x300.jpg\" alt=\"\" width=\"225\" height=\"300\" srcset=\"https:\/\/arthistory.ucr.edu\/wp-content\/uploads\/2024\/12\/le-blanc-website-2-225x300.jpg 225w, https:\/\/arthistory.ucr.edu\/wp-content\/uploads\/2024\/12\/le-blanc-website-2-768x1024.jpg 768w, https:\/\/arthistory.ucr.edu\/wp-content\/uploads\/2024\/12\/le-blanc-website-2-1152x1536.jpg 1152w, https:\/\/arthistory.ucr.edu\/wp-content\/uploads\/2024\/12\/le-blanc-website-2-1536x2048.jpg 1536w, https:\/\/arthistory.ucr.edu\/wp-content\/uploads\/2024\/12\/le-blanc-website-2-scaled.jpg 1920w\" sizes=\"auto, (max-width: 225px) 100vw, 225px\" \/><\/p>\n<p><span class=\"faculty-title\">Associate ProfessoR, Undergraduate advisor<br \/>\n<\/span>Ph.D., University of Southern California<\/p>\n<i class=\"fa fa-home \" ><\/i>&nbsp;229 Arts Building<br \/>\n<i class=\"fa fa-phone \" ><\/i>&nbsp;(951) 827-4601<br \/>\n<i class=\"fa fa-envelope \" ><\/i> <a href=\"mailto:aleca.leblanc@ucr.edu\">aleca.leblanc@ucr.edu<br \/>\n<\/a><i class=\"fa fa-file-pdf-o \" ><\/i>&nbsp;<a href=\"https:\/\/arthistory.ucr.edu\/wp-content\/uploads\/2023\/05\/le-blanc-cv-may-2023web.pdf\">Curriculum Vitae<\/a><br \/>\n<i class=\"fa fa-globe \" ><\/i>&nbsp;<a href=\"https:\/\/ucriverside.academia.edu\/AlecaLeBlanc\" target=\"_blank\" rel=\"noopener noreferrer\">Academia&nbsp;website<\/a><a href=\"https:\/\/arthistory.ucr.edu\/wp-content\/uploads\/2015\/04\/Blanc_cv.pdf\"><br \/>\n<\/a><\/p>\n<p>&nbsp;<\/p>\n<\/div><\/div>\n<div class=\"su-column su-column-size-3-4\"><div class=\"su-column-inner su-u-clearfix su-u-trim\">\n<div class=\"su-tabs su-tabs-style-default su-tabs-mobile-stack\" data-active=\"1\" data-scroll-offset=\"0\" data-anchor-in-url=\"no\"><div class=\"su-tabs-nav\"><span class=\"\" data-url=\"\" data-target=\"blank\" tabindex=\"0\" role=\"button\"><strong>Biography\/Education<\/strong><\/span><span class=\"\" data-url=\"\" data-target=\"blank\" tabindex=\"0\" role=\"button\"><strong>Research\/Teaching<\/strong><\/span><span class=\"\" data-url=\"\" data-target=\"blank\" tabindex=\"0\" role=\"button\"><strong>Selected Publications<\/strong><\/span><span class=\"\" data-url=\"\" data-target=\"blank\" tabindex=\"0\" role=\"button\"><strong>Books<\/strong><\/span><\/div><div class=\"su-tabs-panes\"><div class=\"su-tabs-pane su-u-clearfix su-u-trim\" data-title=\"&lt;strong&gt;Biography\/Education&lt;\/strong&gt;\">\n<p><strong><strong>Biography<\/strong><\/strong><\/p>\n<p>Aleca Le Blanc is a scholar of modernism, specializing in Latin American art and architecture with a focus on Brazil. Her scholarship addresses paradigms of abstraction, institutional histories, and global modernisms. She is currently at work on a book about that period entitled, Concrete and Steel: Artists in Industrial Brazil, in which she considers how a young avant-garde generation in Brazil\u2019s cosmopolitan centers reimagined their relationship to the rapidly modernizing society in which they found themselves. She is the Book Reviews Editor for Latin American and Latinx Visual Culture. In the coming year, she\u2019ll conduct archival research in Rio de Janeiro as a Fulbright Fellow.<\/p>\n<p>Le Blanc was co-curator of Making Art Concrete: Works from Argentina and Brazil in the Patricia Phelps de Cisneros Collection, an exhibition at the Getty Museum in September 2017 and part of the region-wide initiative, Pacific Standard Time: Los Angeles\/Latin America. She has lectured at the Reina Sofia in Madrid, the Pinacoteca in S\u00e3o Paulo, the Universit\u00e4t Z\u00fcrich, the University of Pittsburgh and the University of Chicago, among other venues. Before joining the faculty at UC Riverside, she was the Managing Editor of the Getty Research Journal, a peer reviewed scholarly publication.<\/p>\n<p><em>Making Art Concrete: Works from Argentina and Brazil in the Colecci\u00f3n Patricia Phelps de Cisneros<\/em> was recently featured in UCR Today:&nbsp;<a href=\"https:\/\/ucrtoday.ucr.edu\/50533\">https:\/\/ucrtoday.ucr.edu\/50533 <\/a><\/p>\n<p><strong>Education<\/strong><\/p>\n<p>Ph.D., University of Southern California<br \/>\nM.A., Columbia University<br \/>\n<span style=\"line-height: 1.5;\">B.A., University of California, Santa Barbara<\/span><\/p>\n<\/div>\n<div class=\"su-tabs-pane su-u-clearfix su-u-trim\" data-title=\"&lt;strong&gt;Research\/Teaching&lt;\/strong&gt;\">\n<p><strong>Area of Specialization:<\/strong>&nbsp;<em>Modern Latin American art and architecture with a focus on Brazil; global modernisms, architecture and urbanism, visual culture, abstraction, institutional histories, and collecting and display<\/em>.<\/p>\n<p><strong>Courses offered<\/strong><\/p>\n<div><span style=\"color: #333333;\">Survey of Art and Architecture in Latin America<\/span><\/div>\n<div>Land of Utopias: Latin American <i>vanguardias<\/i> of the 20<sup>th<\/sup> century<\/div>\n<div>History of Brazilian Art and Architecture<\/div>\n<div>The Art of Protest: Conceptual Art in Latin America<\/div>\n<div><span style=\"color: #333333;\">Collecting and Display of Latin American Art<\/span><\/div>\n<p><span style=\"line-height: 1.5;\"><\/div>\n<div class=\"su-tabs-pane su-u-clearfix su-u-trim\" data-title=\"&lt;strong&gt;Selected Publications&lt;\/strong&gt;\">\n<p>Incendiary objects: An episodic history of the Museum de Arte Moderna, Rio de Janeiro,\u201d in <em>Art Museums of Latin America: Structuring Representation, <\/em>eds Michele Greet and Gina Tarver. (Routledge Press, 2018).<\/p>\n<p><em>Making Art Concrete: Abstract Art from Argentina and Brazil in the Patricia Phelps de Cisneros Collection<\/em>. <em>(<\/em>Los Angeles: Getty Publications, 2017).<\/p>\n<p>\u201cSerpa, Portinari, Palatnik and Pedrosa; The Drama of an \u201cArtistic Moment\u201d in 1951 Rio de Janeiro.\u201d <em>Di\u00e1logo<\/em> (Contemporary Latino and Latin American Art Thematic Issue) Peer-reviewed journal. March 2017.<\/p>\n<p>\u201cThe Disorder and Progress of Brazilian Visual Culture in 1959\u201d in <em>Breathless Days, 1959-1960<\/em>, eds. Serge Guilbaut and John O\u2019Brian, (Duke University Press, 2017).<\/p>\n<p>Exhibition review, <em>Lygia Clark: The Abandonment of Art<\/em>. The Museum of Modern art. Caareviews.com. November 2016<\/p>\n<p>\u201cUnder Construction: Rio de Janeiro in 1959\u201d in <em>Transatlantic Encounters: Avant-Garde Discourses in Spain and Latin America 1920\u20131970<\/em>, ed. Paula Barreiro L\u00f3pez (Madrid: Museo Nacional Centro de Arte Reina Sofia, 2015).<\/p>\n<p>\u201cTraveling through Time and Space: Calder in Brazil\u201d in <em>Calder and Abstraction: From Avant-garde to Iconic<\/em>, ed. Stephanie Barron. (Los Angeles and New York: Los Angeles County Museum of Art and Prestel Publishing, 2013): 120-135<\/p>\n<p>\u201c\u2019A Democratic Education for the Masses\u2019: Ivan Serpa at the Museu de Arte Moderna,\u201d in <em>Ivan Serpa: Pioneering Abstraction in Brazil<\/em> Exhibition catalogue. (New York: Dickinson, 2012): 9-21<\/p>\n<p>\u201cPalmeiras and Pilotis: Promoting Brazil with Modern Architecture.\u201d <em>Third Text: Brazil special issue<\/em> (February 2012): 103-116.<\/p>\n<p>\u201cBuilding the Tropical World of Tomorrow: The Construction of Brasilidade at the 1939 New York World\u2019s Fair.\u201d <em>Hemisphere: Visual Cultures of the Americas 2<\/em> (Summer 2009): 26-45.<\/p>\n<\/div>\n<div class=\"su-tabs-pane su-u-clearfix su-u-trim\" data-title=\"&lt;strong&gt;Books&lt;\/strong&gt;\">\n<p class=\"product-title\"><span class=\"book-title\"><img loading=\"lazy\" decoding=\"async\" class=\"alignleft size-medium wp-image-3306\" src=\"https:\/\/arthistory.ucr.edu\/wp-content\/uploads\/2018\/02\/Unknown-278x300.jpeg\" alt=\"\" width=\"278\" height=\"300\" srcset=\"https:\/\/arthistory.ucr.edu\/wp-content\/uploads\/2018\/02\/Unknown-278x300.jpeg 278w, https:\/\/arthistory.ucr.edu\/wp-content\/uploads\/2018\/02\/Unknown-768x829.jpeg 768w, https:\/\/arthistory.ucr.edu\/wp-content\/uploads\/2018\/02\/Unknown.jpeg 934w\" sizes=\"auto, (max-width: 278px) 100vw, 278px\" \/>Making Art Concrete: Works from Argentina and Brazil in the Colecci\u00f3n Patricia Phelps de Cisneros<\/span><\/p>\n<p class=\"p1\"><span class=\"book-publisher\">2017, Los Angeles: Getty Publications<br \/>\n<\/span><\/p>\n<p class=\"p1\"><a href=\"https:\/\/arthistory.ucr.edu\/faculty\/aleca-le-blanc\/\"><span class=\"book-author\">Pia Gottschaller and Aleca Le Blanc<br \/>\nEdited by Pia Gottschaller, Aleca Le Blanc, Zanna Gilbert, Tom Learner, and Andrew Perchuk<\/span><\/a><\/p>\n<p>In the years after World War II, artists in Argentina and Brazil experimented with geometric abstraction and engaged in lively debates about the role of the artwork in society. Some of these artists used novel synthetic materials, creating objects that offered an alternative to established traditions in painting\u2014proposing that these objects become part of everyday, concrete reality. Combining art historical and scientific analysis, experts from the Getty Conservation Institute and Getty Research Institute are collaborating with the Colecci\u00f3n Patricia Phelps de Cisneros, a world-renowned collection of Latin American art, to research the formal strategies and material decisions of these artists working in the concrete and neo-concrete vein.<\/p>\n<p>Making Art Concrete presents works by Lygia Clark, Willys de Castro, Judith Lauand, Ra\u00fal Lozza, H\u00e9lio Oiticica, and Rhod Rothfuss, among others, with spectacular new photography. The photographs, along with information about the now-invisible processes that determine the appearance of these works, are key to interpreting the artists\u2019 technical choices as well as the objects themselves. Indeed, this volume sheds further light on the social, political, and cultural underpinnings of the artists\u2019 propositions, making a compelling addition to the field of postwar Latin American art.<\/p>\n<p>This volume is published to accompany an exhibition on view at the J. Paul Getty Museum at the Getty Center September 16, 2017 through February 11, 2018. Making Art Concrete is part of Pacific Standard Time: LA\/LA.<\/p>\n<\/div><\/div><\/div>\n<\/div><\/div>\n<\/div>\n","protected":false},"excerpt":{"rendered":"","protected":false},"author":1,"featured_media":0,"parent":13,"menu_order":0,"comment_status":"closed","ping_status":"closed","template":"","meta":{"ngg_post_thumbnail":0,"footnotes":""},"class_list":["post-241","page","type-page","status-publish","hentry"],"jetpack_sharing_enabled":true,"_links":{"self":[{"href":"https:\/\/arthistory.ucr.edu\/wp-json\/wp\/v2\/pages\/241","targetHints":{"allow":["GET"]}}],"collection":[{"href":"https:\/\/arthistory.ucr.edu\/wp-json\/wp\/v2\/pages"}],"about":[{"href":"https:\/\/arthistory.ucr.edu\/wp-json\/wp\/v2\/types\/page"}],"author":[{"embeddable":true,"href":"https:\/\/arthistory.ucr.edu\/wp-json\/wp\/v2\/users\/1"}],"replies":[{"embeddable":true,"href":"https:\/\/arthistory.ucr.edu\/wp-json\/wp\/v2\/comments?post=241"}],"version-history":[{"count":36,"href":"https:\/\/arthistory.ucr.edu\/wp-json\/wp\/v2\/pages\/241\/revisions"}],"predecessor-version":[{"id":6470,"href":"https:\/\/arthistory.ucr.edu\/wp-json\/wp\/v2\/pages\/241\/revisions\/6470"}],"up":[{"embeddable":true,"href":"https:\/\/arthistory.ucr.edu\/wp-json\/wp\/v2\/pages\/13"}],"wp:attachment":[{"href":"https:\/\/arthistory.ucr.edu\/wp-json\/wp\/v2\/media?parent=241"}],"curies":[{"name":"wp","href":"https:\/\/api.w.org\/{rel}","templated":true}]}}